{"id":15,"date":"2024-04-19T07:34:06","date_gmt":"2024-04-19T07:34:06","guid":{"rendered":"https:\/\/lotus-home.hu\/?page_id=15"},"modified":"2026-01-29T12:52:19","modified_gmt":"2026-01-29T10:52:19","slug":"kapcsolat","status":"publish","type":"page","link":"https:\/\/lotus-home.hu\/de\/kapcsolat\/","title":{"rendered":"Kontakt"},"content":{"rendered":"\t\t<div data-elementor-type=\"wp-page\" data-elementor-id=\"15\" class=\"elementor elementor-15\" data-elementor-post-type=\"page\">\n\t\t\t\t\t\t<section class=\"elementor-section elementor-top-section elementor-element elementor-element-309fbec elementor-section-boxed elementor-section-height-default elementor-section-height-default\" data-id=\"309fbec\" data-element_type=\"section\" data-e-type=\"section\" data-settings=\"{&quot;background_background&quot;:&quot;classic&quot;}\">\n\t\t\t\t\t\t<div class=\"elementor-container elementor-column-gap-default\">\n\t\t\t\t\t<div class=\"elementor-column elementor-col-100 elementor-top-column elementor-element elementor-element-25e6ba4\" data-id=\"25e6ba4\" data-element_type=\"column\" data-e-type=\"column\">\n\t\t\t<div class=\"elementor-widget-wrap elementor-element-populated\">\n\t\t\t\t\t\t<div class=\"elementor-element elementor-element-8795212 elementor-widget elementor-widget-heading\" data-id=\"8795212\" data-element_type=\"widget\" data-e-type=\"widget\" data-widget_type=\"heading.default\">\n\t\t\t\t<div class=\"elementor-widget-container\">\n\t\t\t\t\t<h3 class=\"elementor-heading-title elementor-size-default\">Kapcsolat<\/h3>\t\t\t\t<\/div>\n\t\t\t\t<\/div>\n\t\t\t\t<div class=\"elementor-element elementor-element-6a2fb79 elementor-widget elementor-widget-text-editor\" data-id=\"6a2fb79\" data-element_type=\"widget\" data-e-type=\"widget\" data-widget_type=\"text-editor.default\">\n\t\t\t\t<div class=\"elementor-widget-container\">\n\t\t\t\t\t\t\t\t\t<p>Amennyiben k\u00e9rd\u00e9sed van ingatlanjainkkal kapcsolatban, vagy seg\u00edts\u00e9gre van sz\u00fcks\u00e9ged az ingatlanpiaci lehet\u0151s\u00e9gek felfedez\u00e9s\u00e9ben, keress minket bizalommal az al\u00e1bbi el\u00e9rhet\u0151s\u00e9gek egyik\u00e9n, vagy haszn\u00e1ld a kapcsolatfelv\u00e9teli \u0171rlapot. Adataid bizalmasan kezelj\u00fck, \u00e9s kiz\u00e1r\u00f3lag a kapcsolatfelv\u00e9tel c\u00e9lj\u00e1b\u00f3l haszn\u00e1ljuk fel.\u00a0<\/p>\t\t\t\t\t\t\t\t<\/div>\n\t\t\t\t<\/div>\n\t\t\t\t\t<\/div>\n\t\t<\/div>\n\t\t\t\t\t<\/div>\n\t\t<\/section>\n\t\t\t\t<section class=\"elementor-section elementor-top-section elementor-element elementor-element-567fc24 elementor-reverse-mobile elementor-section-boxed elementor-section-height-default elementor-section-height-default\" data-id=\"567fc24\" data-element_type=\"section\" data-e-type=\"section\">\n\t\t\t\t\t\t<div class=\"elementor-container elementor-column-gap-default\">\n\t\t\t\t\t<div class=\"elementor-column elementor-col-50 elementor-top-column elementor-element elementor-element-415aef31\" data-id=\"415aef31\" data-element_type=\"column\" data-e-type=\"column\">\n\t\t\t<div class=\"elementor-widget-wrap elementor-element-populated\">\n\t\t\t\t\t\t<div class=\"elementor-element elementor-element-78416ec7 elementor-button-align-stretch elementor-widget elementor-widget-form\" data-id=\"78416ec7\" data-element_type=\"widget\" data-e-type=\"widget\" data-settings=\"{&quot;button_width&quot;:&quot;30&quot;,&quot;step_next_label&quot;:&quot;Next&quot;,&quot;step_previous_label&quot;:&quot;Previous&quot;,&quot;step_type&quot;:&quot;number_text&quot;,&quot;step_icon_shape&quot;:&quot;circle&quot;}\" data-widget_type=\"form.default\">\n\t\t\t\t<div class=\"elementor-widget-container\">\n\t\t\t\t\t\t\t<form class=\"elementor-form\" method=\"post\" name=\"New Form\" aria-label=\"New Form\">\n\t\t\t<input type=\"hidden\" name=\"post_id\" value=\"15\"\/>\n\t\t\t<input type=\"hidden\" name=\"form_id\" value=\"78416ec7\"\/>\n\t\t\t<input type=\"hidden\" name=\"referer_title\" value=\"Kapcsolat - Lotus Home\" \/>\n\n\t\t\t\t\t\t\t<input type=\"hidden\" name=\"queried_id\" value=\"15\"\/>\n\t\t\t\n\t\t\t<div class=\"elementor-form-fields-wrapper elementor-labels-above\">\n\t\t\t\t\t\t\t\t<div class=\"elementor-field-type-text elementor-field-group elementor-column elementor-field-group-name elementor-col-100 elementor-field-required elementor-mark-required\">\n\t\t\t\t\t\t\t\t\t\t\t\t<label for=\"form-field-name\" class=\"elementor-field-label\">\n\t\t\t\t\t\t\t\tN\u00e9v\t\t\t\t\t\t\t<\/label>\n\t\t\t\t\t\t\t\t\t\t\t\t\t\t<input size=\"1\" type=\"text\" name=\"form_fields[name]\" id=\"form-field-name\" class=\"elementor-field elementor-size-sm  elementor-field-textual\" placeholder=\"N\u00e9v\" required=\"required\">\n\t\t\t\t\t\t\t\t\t\t\t<\/div>\n\t\t\t\t\t\t\t\t<div class=\"elementor-field-type-tel elementor-field-group elementor-column elementor-field-group-email elementor-col-100\">\n\t\t\t\t\t\t\t\t\t\t\t\t<label for=\"form-field-email\" class=\"elementor-field-label\">\n\t\t\t\t\t\t\t\tTelefonsz\u00e1m\t\t\t\t\t\t\t<\/label>\n\t\t\t\t\t\t\t\t<input size=\"1\" type=\"tel\" name=\"form_fields[email]\" id=\"form-field-email\" class=\"elementor-field elementor-size-sm  elementor-field-textual\" placeholder=\"Ha visszah\u00edv\u00e1st k\u00e9rsz\" pattern=\"[0-9()#&amp;+*-=.]+\" title=\"Csak sz\u00e1mok \u00e9s telefonsz\u00e1mok (#, -, * stb.) fogadhat\u00f3k el.\">\n\n\t\t\t\t\t\t<\/div>\n\t\t\t\t\t\t\t\t<div class=\"elementor-field-type-email elementor-field-group elementor-column elementor-field-group-field_3b9f882 elementor-col-100 elementor-field-required elementor-mark-required\">\n\t\t\t\t\t\t\t\t\t\t\t\t<label for=\"form-field-field_3b9f882\" class=\"elementor-field-label\">\n\t\t\t\t\t\t\t\tE-mail c\u00edm\t\t\t\t\t\t\t<\/label>\n\t\t\t\t\t\t\t\t\t\t\t\t\t\t<input size=\"1\" type=\"email\" name=\"form_fields[field_3b9f882]\" id=\"form-field-field_3b9f882\" class=\"elementor-field elementor-size-sm  elementor-field-textual\" placeholder=\"pelda@gmail.com\" required=\"required\">\n\t\t\t\t\t\t\t\t\t\t\t<\/div>\n\t\t\t\t\t\t\t\t<div class=\"elementor-field-type-textarea elementor-field-group elementor-column elementor-field-group-message elementor-col-100\">\n\t\t\t\t\t\t\t\t\t\t\t\t<label for=\"form-field-message\" class=\"elementor-field-label\">\n\t\t\t\t\t\t\t\t\u00dczenet\t\t\t\t\t\t\t<\/label>\n\t\t\t\t\t\t<textarea class=\"elementor-field-textual elementor-field  elementor-size-sm\" name=\"form_fields[message]\" id=\"form-field-message\" rows=\"4\" placeholder=\"Ide \u00edrd az \u00fczeneted...\"><\/textarea>\t\t\t\t<\/div>\n\t\t\t\t\t\t\t\t<div class=\"elementor-field-type-acceptance elementor-field-group elementor-column elementor-field-group-gdpr elementor-col-100 elementor-field-required elementor-mark-required\">\n\t\t\t\t\t\t\t<div class=\"elementor-field-subgroup\">\n\t\t\t<span class=\"elementor-field-option\">\n\t\t\t\t<input type=\"checkbox\" name=\"form_fields[gdpr]\" id=\"form-field-gdpr\" class=\"elementor-field elementor-size-sm  elementor-acceptance-field\" required=\"required\">\n\t\t\t\t<label for=\"form-field-gdpr\">Hozz\u00e1j\u00e1rulok az adataim kezel\u00e9s\u00e9hez \u00e9s elfogadom az <a href=\"https:\/\/lotus-home.hu\/\">Adatv\u00e9delmi Nyilatkozat<\/a>-ot<\/label>\t\t\t<\/span>\n\t\t<\/div>\n\t\t\t\t\t\t<\/div>\n\t\t\t\t\t\t\t\t<div class=\"elementor-field-group elementor-column elementor-field-type-submit elementor-col-30 e-form__buttons\">\n\t\t\t\t\t<button class=\"elementor-button elementor-size-sm\" type=\"submit\">\n\t\t\t\t\t\t<span class=\"elementor-button-content-wrapper\">\n\t\t\t\t\t\t\t\t\t\t\t\t\t\t\t\t\t\t\t\t\t\t<span class=\"elementor-button-text\">\u00dczenet k\u00fcld\u00e9se<\/span>\n\t\t\t\t\t\t\t\t\t\t\t\t\t<\/span>\n\t\t\t\t\t<\/button>\n\t\t\t\t<\/div>\n\t\t\t<\/div>\n\t\t<\/form>\n\t\t\t\t\t\t<\/div>\n\t\t\t\t<\/div>\n\t\t\t\t\t<\/div>\n\t\t<\/div>\n\t\t\t\t<div class=\"elementor-column elementor-col-50 elementor-top-column elementor-element elementor-element-1c641fec\" data-id=\"1c641fec\" data-element_type=\"column\" data-e-type=\"column\">\n\t\t\t<div class=\"elementor-widget-wrap elementor-element-populated\">\n\t\t\t\t\t\t<section class=\"elementor-section elementor-inner-section elementor-element elementor-element-445b6e1c elementor-section-boxed elementor-section-height-default elementor-section-height-default\" data-id=\"445b6e1c\" data-element_type=\"section\" data-e-type=\"section\">\n\t\t\t\t\t\t<div class=\"elementor-container elementor-column-gap-default\">\n\t\t\t\t\t<div class=\"elementor-column elementor-col-100 elementor-inner-column elementor-element elementor-element-1f4c25e9\" data-id=\"1f4c25e9\" data-element_type=\"column\" data-e-type=\"column\">\n\t\t\t<div class=\"elementor-widget-wrap elementor-element-populated\">\n\t\t\t\t\t\t<div class=\"elementor-element elementor-element-67dd4471 elementor-widget elementor-widget-heading\" data-id=\"67dd4471\" data-element_type=\"widget\" data-e-type=\"widget\" data-widget_type=\"heading.default\">\n\t\t\t\t<div class=\"elementor-widget-container\">\n\t\t\t\t\t<h4 class=\"elementor-heading-title elementor-size-default\">El\u00e9rhet\u0151s\u00e9geink<\/h4>\t\t\t\t<\/div>\n\t\t\t\t<\/div>\n\t\t\t\t\t<\/div>\n\t\t<\/div>\n\t\t\t\t\t<\/div>\n\t\t<\/section>\n\t\t\t\t<section class=\"elementor-section elementor-inner-section elementor-element elementor-element-70c33e4b elementor-section-boxed elementor-section-height-default elementor-section-height-default\" data-id=\"70c33e4b\" data-element_type=\"section\" data-e-type=\"section\">\n\t\t\t\t\t\t<div class=\"elementor-container elementor-column-gap-default\">\n\t\t\t\t\t<div class=\"elementor-column elementor-col-100 elementor-inner-column elementor-element elementor-element-3b43c5a1\" data-id=\"3b43c5a1\" data-element_type=\"column\" data-e-type=\"column\" data-settings=\"{&quot;background_background&quot;:&quot;classic&quot;}\">\n\t\t\t<div class=\"elementor-widget-wrap elementor-element-populated\">\n\t\t\t\t\t\t<div class=\"elementor-element elementor-element-47544255 elementor-position-inline-start elementor-view-default elementor-mobile-position-block-start elementor-widget elementor-widget-icon-box\" data-id=\"47544255\" data-element_type=\"widget\" data-e-type=\"widget\" data-widget_type=\"icon-box.default\">\n\t\t\t\t<div class=\"elementor-widget-container\">\n\t\t\t\t\t\t\t<div class=\"elementor-icon-box-wrapper\">\n\n\t\t\t\t\t\t<div class=\"elementor-icon-box-icon\">\n\t\t\t\t<span  class=\"elementor-icon\">\n\t\t\t\t<i aria-hidden=\"true\" class=\"fas fa-map-marker-alt\"><\/i>\t\t\t\t<\/span>\n\t\t\t<\/div>\n\t\t\t\n\t\t\t\t\t\t<div class=\"elementor-icon-box-content\">\n\n\t\t\t\t\t\t\t\t\t<h5 class=\"elementor-icon-box-title\">\n\t\t\t\t\t\t<span  >\n\t\t\t\t\t\t\tIrod\u00e1nk\t\t\t\t\t\t<\/span>\n\t\t\t\t\t<\/h5>\n\t\t\t\t\n\t\t\t\t\t\t\t\t\t<p class=\"elementor-icon-box-description\">\n\t\t\t\t\t\t8380 H\u00e9v\u00edz, Nagyparkol\u00f3 t\u00e9r 33.\t\t\t\t\t<\/p>\n\t\t\t\t\n\t\t\t<\/div>\n\t\t\t\n\t\t<\/div>\n\t\t\t\t\t\t<\/div>\n\t\t\t\t<\/div>\n\t\t\t\t<div class=\"elementor-element elementor-element-140dab59 elementor-position-inline-start elementor-view-default elementor-mobile-position-block-start elementor-widget elementor-widget-icon-box\" data-id=\"140dab59\" data-element_type=\"widget\" data-e-type=\"widget\" data-widget_type=\"icon-box.default\">\n\t\t\t\t<div class=\"elementor-widget-container\">\n\t\t\t\t\t\t\t<div class=\"elementor-icon-box-wrapper\">\n\n\t\t\t\t\t\t<div class=\"elementor-icon-box-icon\">\n\t\t\t\t<span  class=\"elementor-icon\">\n\t\t\t\t<i aria-hidden=\"true\" class=\"fas fa-envelope\"><\/i>\t\t\t\t<\/span>\n\t\t\t<\/div>\n\t\t\t\n\t\t\t\t\t\t<div class=\"elementor-icon-box-content\">\n\n\t\t\t\t\t\t\t\t\t<h5 class=\"elementor-icon-box-title\">\n\t\t\t\t\t\t<span  >\n\t\t\t\t\t\t\tE-mail c\u00edm\t\t\t\t\t\t<\/span>\n\t\t\t\t\t<\/h5>\n\t\t\t\t\n\t\t\t\t\t\t\t\t\t<p class=\"elementor-icon-box-description\">\n\t\t\t\t\t\tiroda@lotus-home.hu\t\t\t\t\t<\/p>\n\t\t\t\t\n\t\t\t<\/div>\n\t\t\t\n\t\t<\/div>\n\t\t\t\t\t\t<\/div>\n\t\t\t\t<\/div>\n\t\t\t\t<div class=\"elementor-element elementor-element-7531194 elementor-position-inline-start elementor-view-default elementor-mobile-position-block-start elementor-widget elementor-widget-icon-box\" data-id=\"7531194\" data-element_type=\"widget\" data-e-type=\"widget\" data-widget_type=\"icon-box.default\">\n\t\t\t\t<div class=\"elementor-widget-container\">\n\t\t\t\t\t\t\t<div class=\"elementor-icon-box-wrapper\">\n\n\t\t\t\t\t\t<div class=\"elementor-icon-box-icon\">\n\t\t\t\t<span  class=\"elementor-icon\">\n\t\t\t\t<i aria-hidden=\"true\" class=\"fas fa-phone-alt\"><\/i>\t\t\t\t<\/span>\n\t\t\t<\/div>\n\t\t\t\n\t\t\t\t\t\t<div class=\"elementor-icon-box-content\">\n\n\t\t\t\t\t\t\t\t\t<h5 class=\"elementor-icon-box-title\">\n\t\t\t\t\t\t<span  >\n\t\t\t\t\t\t\tTelefonsz\u00e1m\t\t\t\t\t\t<\/span>\n\t\t\t\t\t<\/h5>\n\t\t\t\t\n\t\t\t\t\t\t\t\t\t<p class=\"elementor-icon-box-description\">\n\t\t\t\t\t\t+36 30 588 6361\t\t\t\t\t<\/p>\n\t\t\t\t\n\t\t\t<\/div>\n\t\t\t\n\t\t<\/div>\n\t\t\t\t\t\t<\/div>\n\t\t\t\t<\/div>\n\t\t\t\t\t<\/div>\n\t\t<\/div>\n\t\t\t\t\t<\/div>\n\t\t<\/section>\n\t\t\t\t<div class=\"elementor-element elementor-element-7730649 elementor-shape-circle e-grid-align-left elementor-grid-0 elementor-widget elementor-widget-social-icons\" data-id=\"7730649\" data-element_type=\"widget\" data-e-type=\"widget\" data-widget_type=\"social-icons.default\">\n\t\t\t\t<div class=\"elementor-widget-container\">\n\t\t\t\t\t\t\t<div class=\"elementor-social-icons-wrapper elementor-grid\" role=\"list\">\n\t\t\t\t\t\t\t<span class=\"elementor-grid-item\" role=\"listitem\">\n\t\t\t\t\t<a class=\"elementor-icon elementor-social-icon elementor-social-icon-facebook elementor-animation-grow elementor-repeater-item-b468b10\" target=\"_blank\">\n\t\t\t\t\t\t<span class=\"elementor-screen-only\">Facebook<\/span>\n\t\t\t\t\t\t<i aria-hidden=\"true\" class=\"fab fa-facebook\"><\/i>\t\t\t\t\t<\/a>\n\t\t\t\t<\/span>\n\t\t\t\t\t\t\t<span class=\"elementor-grid-item\" role=\"listitem\">\n\t\t\t\t\t<a class=\"elementor-icon elementor-social-icon elementor-social-icon-instagram elementor-animation-grow elementor-repeater-item-dc6c5d0\" target=\"_blank\">\n\t\t\t\t\t\t<span class=\"elementor-screen-only\">Instagram<\/span>\n\t\t\t\t\t\t<i aria-hidden=\"true\" class=\"fab fa-instagram\"><\/i>\t\t\t\t\t<\/a>\n\t\t\t\t<\/span>\n\t\t\t\t\t<\/div>\n\t\t\t\t\t\t<\/div>\n\t\t\t\t<\/div>\n\t\t\t\t\t<\/div>\n\t\t<\/div>\n\t\t\t\t\t<\/div>\n\t\t<\/section>\n\t\t\t\t<section class=\"elementor-section elementor-top-section elementor-element elementor-element-8492c4c elementor-section-full_width elementor-section-height-default elementor-section-height-default\" data-id=\"8492c4c\" data-element_type=\"section\" data-e-type=\"section\">\n\t\t\t\t\t\t<div class=\"elementor-container elementor-column-gap-no\">\n\t\t\t\t\t<div class=\"elementor-column elementor-col-100 elementor-top-column elementor-element elementor-element-368df66f\" data-id=\"368df66f\" data-element_type=\"column\" data-e-type=\"column\">\n\t\t\t<div class=\"elementor-widget-wrap elementor-element-populated\">\n\t\t\t\t\t\t<div class=\"elementor-element elementor-element-718ef64a elementor-widget elementor-widget-google_maps\" data-id=\"718ef64a\" data-element_type=\"widget\" data-e-type=\"widget\" data-widget_type=\"google_maps.default\">\n\t\t\t\t<div class=\"elementor-widget-container\">\n\t\t\t\t\t\t\t<div class=\"elementor-custom-embed\">\n\t\t\t<iframe loading=\"lazy\"\n\t\t\t\t\tsrc=\"https:\/\/maps.google.com\/maps?q=8380%20H%C3%A9v%C3%ADz%2C%20Nagyparkol%C3%B3%20t%C3%A9r%2033.&#038;t=m&#038;z=15&#038;output=embed&#038;iwloc=near\"\n\t\t\t\t\ttitle=\"8380 H\u00e9v\u00edz, Nagyparkol\u00f3 t\u00e9r 33.\"\n\t\t\t\t\taria-label=\"8380 H\u00e9v\u00edz, Nagyparkol\u00f3 t\u00e9r 33.\"\n\t\t\t><\/iframe>\n\t\t<\/div>\n\t\t\t\t\t\t<\/div>\n\t\t\t\t<\/div>\n\t\t\t\t\t<\/div>\n\t\t<\/div>\n\t\t\t\t\t<\/div>\n\t\t<\/section>\n\t\t\t\t<\/div>\n\t\t","protected":false},"excerpt":{"rendered":"<p>Kapcsolat Amennyiben k\u00e9rd\u00e9sed van ingatlanjainkkal kapcsolatban, vagy seg\u00edts\u00e9gre van sz\u00fcks\u00e9ged az ingatlanpiaci lehet\u0151s\u00e9gek felfedez\u00e9s\u00e9ben, keress minket bizalommal az al\u00e1bbi el\u00e9rhet\u0151s\u00e9gek egyik\u00e9n, vagy haszn\u00e1ld a kapcsolatfelv\u00e9teli \u0171rlapot. Adataid bizalmasan kezelj\u00fck, \u00e9s kiz\u00e1r\u00f3lag a kapcsolatfelv\u00e9tel c\u00e9lj\u00e1b\u00f3l haszn\u00e1ljuk fel.\u00a0 El\u00e9rhet\u0151s\u00e9geink Irod\u00e1nk 8380 H\u00e9v\u00edz, Nagyparkol\u00f3 t\u00e9r 33. E-mail c\u00edm iroda@lotus-home.hu Telefonsz\u00e1m +36 30 588 6361 Facebook Instagram<\/p>","protected":false},"author":1,"featured_media":0,"parent":0,"menu_order":0,"comment_status":"closed","ping_status":"closed","template":"","meta":{"footnotes":""},"class_list":["post-15","page","type-page","status-publish","hentry"],"yoast_head":"<!-- This site is optimized with the Yoast SEO Premium plugin v27.1 (Yoast SEO v27.2) - https:\/\/yoast.com\/product\/yoast-seo-premium-wordpress\/ -->\n<title>Kapcsolat - Lotus Home<\/title>\n<meta name=\"robots\" content=\"index, follow, max-snippet:-1, max-image-preview:large, max-video-preview:-1\" \/>\n<link rel=\"canonical\" href=\"https:\/\/lotus-home.hu\/de\/kapcsolat\/\" \/>\n<meta property=\"og:locale\" content=\"de_DE\" \/>\n<meta property=\"og:type\" content=\"article\" \/>\n<meta property=\"og:title\" content=\"Kapcsolat\" \/>\n<meta property=\"og:description\" content=\"Kapcsolat Amennyiben k\u00e9rd\u00e9sed van ingatlanjainkkal kapcsolatban, vagy seg\u00edts\u00e9gre van sz\u00fcks\u00e9ged az ingatlanpiaci lehet\u0151s\u00e9gek felfedez\u00e9s\u00e9ben, keress minket bizalommal az al\u00e1bbi el\u00e9rhet\u0151s\u00e9gek egyik\u00e9n, vagy haszn\u00e1ld a kapcsolatfelv\u00e9teli \u0171rlapot. Adataid bizalmasan kezelj\u00fck, \u00e9s kiz\u00e1r\u00f3lag a kapcsolatfelv\u00e9tel c\u00e9lj\u00e1b\u00f3l haszn\u00e1ljuk fel.\u00a0 El\u00e9rhet\u0151s\u00e9geink Irod\u00e1nk 8380 H\u00e9v\u00edz, Nagyparkol\u00f3 t\u00e9r 33. E-mail c\u00edm iroda@lotus-home.hu Telefonsz\u00e1m +36 30 588 6361 Facebook Instagram\" \/>\n<meta property=\"og:url\" content=\"https:\/\/lotus-home.hu\/de\/kapcsolat\/\" \/>\n<meta property=\"og:site_name\" content=\"Lotus Home\" \/>\n<meta property=\"article:modified_time\" content=\"2026-01-29T10:52:19+00:00\" \/>\n<meta property=\"og:image\" content=\"https:\/\/lotus-home.hu\/wp-content\/uploads\/2024\/04\/lotus-logo-3-1.png\" \/>\n\t<meta property=\"og:image:width\" content=\"500\" \/>\n\t<meta property=\"og:image:height\" content=\"113\" \/>\n\t<meta property=\"og:image:type\" content=\"image\/png\" \/>\n<meta name=\"twitter:card\" content=\"summary_large_image\" \/>\n<meta name=\"twitter:label1\" content=\"Gesch\u00e4tzte Lesezeit\" \/>\n\t<meta name=\"twitter:data1\" content=\"1\u00a0Minute\" \/>\n<script type=\"application\/ld+json\" class=\"yoast-schema-graph\">{\"@context\":\"https:\/\/schema.org\",\"@graph\":[{\"@type\":\"WebPage\",\"@id\":\"https:\/\/lotus-home.hu\/kapcsolat\/\",\"url\":\"https:\/\/lotus-home.hu\/kapcsolat\/\",\"name\":\"Kapcsolat - Lotus Home\",\"isPartOf\":{\"@id\":\"https:\/\/lotus-home.hu\/#website\"},\"datePublished\":\"2024-04-19T07:34:06+00:00\",\"dateModified\":\"2026-01-29T10:52:19+00:00\",\"breadcrumb\":{\"@id\":\"https:\/\/lotus-home.hu\/kapcsolat\/#breadcrumb\"},\"inLanguage\":\"de\",\"potentialAction\":[{\"@type\":\"ReadAction\",\"target\":[\"https:\/\/lotus-home.hu\/kapcsolat\/\"]}]},{\"@type\":\"BreadcrumbList\",\"@id\":\"https:\/\/lotus-home.hu\/kapcsolat\/#breadcrumb\",\"itemListElement\":[{\"@type\":\"ListItem\",\"position\":1,\"name\":\"Kezd\u0151lap\",\"item\":\"https:\/\/lotus-home.hu\/\"},{\"@type\":\"ListItem\",\"position\":2,\"name\":\"Kapcsolat\"}]},{\"@type\":\"WebSite\",\"@id\":\"https:\/\/lotus-home.hu\/#website\",\"url\":\"https:\/\/lotus-home.hu\/\",\"name\":\"Lotus Home\",\"description\":\"A hely ahol megtal\u00e1lod az \u00faj otthonod\",\"publisher\":{\"@id\":\"https:\/\/lotus-home.hu\/#organization\"},\"potentialAction\":[{\"@type\":\"SearchAction\",\"target\":{\"@type\":\"EntryPoint\",\"urlTemplate\":\"https:\/\/lotus-home.hu\/?s={search_term_string}\"},\"query-input\":{\"@type\":\"PropertyValueSpecification\",\"valueRequired\":true,\"valueName\":\"search_term_string\"}}],\"inLanguage\":\"de\"},{\"@type\":\"Organization\",\"@id\":\"https:\/\/lotus-home.hu\/#organization\",\"name\":\"K\u00f6sz\u00f6r\u00fcs Katalin ev.\",\"url\":\"https:\/\/lotus-home.hu\/\",\"logo\":{\"@type\":\"ImageObject\",\"inLanguage\":\"de\",\"@id\":\"https:\/\/lotus-home.hu\/#\/schema\/logo\/image\/\",\"url\":\"https:\/\/lotus-home.hu\/wp-content\/uploads\/2024\/04\/lotus-logo-3.png\",\"contentUrl\":\"https:\/\/lotus-home.hu\/wp-content\/uploads\/2024\/04\/lotus-logo-3.png\",\"width\":500,\"height\":113,\"caption\":\"K\u00f6sz\u00f6r\u00fcs Katalin ev.\"},\"image\":{\"@id\":\"https:\/\/lotus-home.hu\/#\/schema\/logo\/image\/\"}}]}<\/script>\n<!-- \/ Yoast SEO Premium plugin. -->","yoast_head_json":{"title":"Kapcsolat - Lotus Home","robots":{"index":"index","follow":"follow","max-snippet":"max-snippet:-1","max-image-preview":"max-image-preview:large","max-video-preview":"max-video-preview:-1"},"canonical":"https:\/\/lotus-home.hu\/de\/kapcsolat\/","og_locale":"de_DE","og_type":"article","og_title":"Kapcsolat","og_description":"Kapcsolat Amennyiben k\u00e9rd\u00e9sed van ingatlanjainkkal kapcsolatban, vagy seg\u00edts\u00e9gre van sz\u00fcks\u00e9ged az ingatlanpiaci lehet\u0151s\u00e9gek felfedez\u00e9s\u00e9ben, keress minket bizalommal az al\u00e1bbi el\u00e9rhet\u0151s\u00e9gek egyik\u00e9n, vagy haszn\u00e1ld a kapcsolatfelv\u00e9teli \u0171rlapot. Adataid bizalmasan kezelj\u00fck, \u00e9s kiz\u00e1r\u00f3lag a kapcsolatfelv\u00e9tel c\u00e9lj\u00e1b\u00f3l haszn\u00e1ljuk fel.\u00a0 El\u00e9rhet\u0151s\u00e9geink Irod\u00e1nk 8380 H\u00e9v\u00edz, Nagyparkol\u00f3 t\u00e9r 33. E-mail c\u00edm iroda@lotus-home.hu Telefonsz\u00e1m +36 30 588 6361 Facebook Instagram","og_url":"https:\/\/lotus-home.hu\/de\/kapcsolat\/","og_site_name":"Lotus Home","article_modified_time":"2026-01-29T10:52:19+00:00","og_image":[{"width":500,"height":113,"url":"https:\/\/lotus-home.hu\/wp-content\/uploads\/2024\/04\/lotus-logo-3-1.png","type":"image\/png"}],"twitter_card":"summary_large_image","twitter_misc":{"Gesch\u00e4tzte Lesezeit":"1\u00a0Minute"},"schema":{"@context":"https:\/\/schema.org","@graph":[{"@type":"WebPage","@id":"https:\/\/lotus-home.hu\/kapcsolat\/","url":"https:\/\/lotus-home.hu\/kapcsolat\/","name":"Kapcsolat - Lotus Home","isPartOf":{"@id":"https:\/\/lotus-home.hu\/#website"},"datePublished":"2024-04-19T07:34:06+00:00","dateModified":"2026-01-29T10:52:19+00:00","breadcrumb":{"@id":"https:\/\/lotus-home.hu\/kapcsolat\/#breadcrumb"},"inLanguage":"de","potentialAction":[{"@type":"ReadAction","target":["https:\/\/lotus-home.hu\/kapcsolat\/"]}]},{"@type":"BreadcrumbList","@id":"https:\/\/lotus-home.hu\/kapcsolat\/#breadcrumb","itemListElement":[{"@type":"ListItem","position":1,"name":"Kezd\u0151lap","item":"https:\/\/lotus-home.hu\/"},{"@type":"ListItem","position":2,"name":"Kapcsolat"}]},{"@type":"WebSite","@id":"https:\/\/lotus-home.hu\/#website","url":"https:\/\/lotus-home.hu\/","name":"Lotus-Haus","description":"A hely ahol megtal\u00e1lod az \u00faj otthonod","publisher":{"@id":"https:\/\/lotus-home.hu\/#organization"},"potentialAction":[{"@type":"SearchAction","target":{"@type":"EntryPoint","urlTemplate":"https:\/\/lotus-home.hu\/?s={search_term_string}"},"query-input":{"@type":"PropertyValueSpecification","valueRequired":true,"valueName":"search_term_string"}}],"inLanguage":"de"},{"@type":"Organization","@id":"https:\/\/lotus-home.hu\/#organization","name":"K\u00f6sz\u00f6r\u00fcs Katalin ev.","url":"https:\/\/lotus-home.hu\/","logo":{"@type":"ImageObject","inLanguage":"de","@id":"https:\/\/lotus-home.hu\/#\/schema\/logo\/image\/","url":"https:\/\/lotus-home.hu\/wp-content\/uploads\/2024\/04\/lotus-logo-3.png","contentUrl":"https:\/\/lotus-home.hu\/wp-content\/uploads\/2024\/04\/lotus-logo-3.png","width":500,"height":113,"caption":"K\u00f6sz\u00f6r\u00fcs Katalin ev."},"image":{"@id":"https:\/\/lotus-home.hu\/#\/schema\/logo\/image\/"}}]}},"_links":{"self":[{"href":"https:\/\/lotus-home.hu\/de\/wp-json\/wp\/v2\/pages\/15","targetHints":{"allow":["GET"]}}],"collection":[{"href":"https:\/\/lotus-home.hu\/de\/wp-json\/wp\/v2\/pages"}],"about":[{"href":"https:\/\/lotus-home.hu\/de\/wp-json\/wp\/v2\/types\/page"}],"author":[{"embeddable":true,"href":"https:\/\/lotus-home.hu\/de\/wp-json\/wp\/v2\/users\/1"}],"replies":[{"embeddable":true,"href":"https:\/\/lotus-home.hu\/de\/wp-json\/wp\/v2\/comments?post=15"}],"version-history":[{"count":0,"href":"https:\/\/lotus-home.hu\/de\/wp-json\/wp\/v2\/pages\/15\/revisions"}],"wp:attachment":[{"href":"https:\/\/lotus-home.hu\/de\/wp-json\/wp\/v2\/media?parent=15"}],"curies":[{"name":"wp","href":"https:\/\/api.w.org\/{rel}","templated":true}]}}